{"id":103,"date":"2025-02-15T12:05:57","date_gmt":"2025-02-15T11:05:57","guid":{"rendered":"https:\/\/equinecare.de\/?page_id=103"},"modified":"2025-04-26T19:16:58","modified_gmt":"2025-04-26T17:16:58","slug":"buchbare-seminare","status":"publish","type":"page","link":"https:\/\/equinecare.de\/?page_id=103","title":{"rendered":"Buchbare Seminare"},"content":{"rendered":"\n<figure class=\"wp-block-image aligncenter size-large\"><img loading=\"lazy\" decoding=\"async\" width=\"1024\" height=\"187\" src=\"https:\/\/equinecare.de\/wp-content\/uploads\/2025\/02\/image-6-1024x187.png\" alt=\"\" class=\"wp-image-108\" srcset=\"https:\/\/equinecare.de\/wp-content\/uploads\/2025\/02\/image-6-1024x187.png 1024w, https:\/\/equinecare.de\/wp-content\/uploads\/2025\/02\/image-6-300x55.png 300w, https:\/\/equinecare.de\/wp-content\/uploads\/2025\/02\/image-6-768x141.png 768w, https:\/\/equinecare.de\/wp-content\/uploads\/2025\/02\/image-6-1536x281.png 1536w, https:\/\/equinecare.de\/wp-content\/uploads\/2025\/02\/image-6.png 1552w\" sizes=\"auto, (max-width: 1024px) 100vw, 1024px\" \/><\/figure>\n\n\n\n<p><strong>Seminare mit Dr. Jeanette Heede Rudolph<\/strong><\/p>\n\n\n\n<p>Vortr\u00e4ge &#8211; Tagesseminare &#8211; Tagesworkshops- Mehrt\u00e4gige Workshops <\/p>\n\n\n\n<p>Dr. Jeanette Heede Rudolph verbindet wissenschaftliche Exzellenz mit umfassender praktischer Erfahrung. Nach ihrer Promotion in Biologie und einer fundierten Ausbildung zur Tierheilpraktikerin spezialisierte sie sich auf Tier-Physiotierapie und -Osteopathie. Zudem hat sie Fortbildungen in der Human-Osteopathie gefolgt und durch zahlreiche Zusatzqualifikationen wie Dry Needling, Faszientherapie, physikalische Therapien, manuelle Therapie und mehr bietet sie ein einzigartiges Behandlungsspektrum. <\/p>\n\n\n\n<p>Mit ihrer langj\u00e4hrigen Erfahrung als Dozentin bildet sie seit 2011 mit gro\u00dfer Leidenschaft zudem zuk\u00fcnftige Tier-Physiotherapeuten aus. Ihre tiefgreifende Fachkompetenz und ihr praxisnaher Unterricht machen sie zu einer herausragenden Ausbilderin in der Tiertherapie.<\/p>\n\n\n\n<p><\/p>\n\n\n\n<p>Erweitere dein Wissen mit praxisnahen Seminaren in folgenden Bereichen:<\/p>\n\n\n\n<ul class=\"wp-block-list\">\n<li><strong>Anatomie &amp; Neurologie<\/strong>&nbsp;\u2013 Grundlagen f\u00fcr ein tiefes Verst\u00e4ndnis des K\u00f6rpers.<\/li>\n\n\n\n<li><strong>Zellbiologie<\/strong>&nbsp;\u2013 Wissen \u00fcber die kleinste lebendige Struktur und ihre Bedeutung.<\/li>\n\n\n\n<li><strong>Dry Needling<\/strong>&nbsp;\u2013 Effektive Technik zur Behandlung von myofaszialen Schmerzen.<\/li>\n\n\n\n<li><strong>Tierphysiotherapie &amp; Tierosteopathie<\/strong>&nbsp;\u2013 Effektive Methoden zur Behandlung von Tieren.<\/li>\n\n\n\n<li><strong>Faszien<\/strong>&nbsp;\u2013 Ihre Bedeutung f\u00fcr Beweglichkeit und Gesundheit.<\/li>\n\n\n\n<li><strong>Physikalische Therapien<\/strong>&nbsp;\u2013  zur Unterst\u00fctzung von Regeneration und Wohlbefinden.<\/li>\n\n\n\n<li><strong>Ausbildung zur Pferdephysiotherapie<\/strong>&nbsp;\u2013 Professionelle Qualifikation f\u00fcr die Arbeit mit Pferden.<\/li>\n\n\n\n<li><strong>Wunschthemen<\/strong>&nbsp;\u2013 Individuell gestaltete Seminare nach Bedarf.<\/li>\n<\/ul>\n\n\n\n<p>Jetzt Seminarplatz sichern! \ud83d\ude0a<\/p>\n\n\n\n<blockquote class=\"wp-block-quote is-layout-flow wp-block-quote-is-layout-flow\">\n<figure class=\"wp-block-embed is-type-wp-embed is-provider-vetwissen wp-block-embed-vetwissen\"><div class=\"wp-block-embed__wrapper\">\n<blockquote class=\"wp-embedded-content\" data-secret=\"wEdTLManjx\"><a href=\"https:\/\/vetwissen.de\/produkt\/intensivkurs-pferdephysiotherapie\/\">Intensivkurs Pferdephysiotherapie<\/a><\/blockquote><iframe loading=\"lazy\" class=\"wp-embedded-content\" sandbox=\"allow-scripts\" security=\"restricted\" style=\"position: absolute; visibility: hidden;\" title=\"&#8222;Intensivkurs Pferdephysiotherapie&#8220; &#8212; vetwissen\" src=\"https:\/\/vetwissen.de\/produkt\/intensivkurs-pferdephysiotherapie\/embed\/#?secret=noJiDm4XCF#?secret=wEdTLManjx\" data-secret=\"wEdTLManjx\" width=\"500\" height=\"282\" frameborder=\"0\" marginwidth=\"0\" marginheight=\"0\" scrolling=\"no\"><\/iframe>\n<\/div><\/figure>\n<\/blockquote>\n\n\n\n<p><\/p>\n\n\n\n<p><\/p>\n\n\n\n<p><\/p>\n","protected":false},"excerpt":{"rendered":"<p>Seminare mit Dr. Jeanette Heede Rudolph Vortr\u00e4ge &#8211; Tagesseminare &#8211; Tagesworkshops- Mehrt\u00e4gige Workshops Dr. Jeanette Heede Rudolph verbindet wissenschaftliche Exzellenz mit umfassender praktischer Erfahrung. Nach ihrer Promotion in Biologie und einer fundierten Ausbildung zur Tierheilpraktikerin spezialisierte sie sich auf Tier-Physiotierapie und -Osteopathie. Zudem hat sie Fortbildungen in der Human-Osteopathie gefolgt und durch zahlreiche Zusatzqualifikationen wie [&hellip;]<\/p>\n","protected":false},"author":1,"featured_media":0,"parent":0,"menu_order":0,"comment_status":"closed","ping_status":"closed","template":"","meta":{"footnotes":""},"class_list":["post-103","page","type-page","status-publish","hentry"],"_links":{"self":[{"href":"https:\/\/equinecare.de\/index.php?rest_route=\/wp\/v2\/pages\/103","targetHints":{"allow":["GET"]}}],"collection":[{"href":"https:\/\/equinecare.de\/index.php?rest_route=\/wp\/v2\/pages"}],"about":[{"href":"https:\/\/equinecare.de\/index.php?rest_route=\/wp\/v2\/types\/page"}],"author":[{"embeddable":true,"href":"https:\/\/equinecare.de\/index.php?rest_route=\/wp\/v2\/users\/1"}],"replies":[{"embeddable":true,"href":"https:\/\/equinecare.de\/index.php?rest_route=%2Fwp%2Fv2%2Fcomments&post=103"}],"version-history":[{"count":11,"href":"https:\/\/equinecare.de\/index.php?rest_route=\/wp\/v2\/pages\/103\/revisions"}],"predecessor-version":[{"id":175,"href":"https:\/\/equinecare.de\/index.php?rest_route=\/wp\/v2\/pages\/103\/revisions\/175"}],"wp:attachment":[{"href":"https:\/\/equinecare.de\/index.php?rest_route=%2Fwp%2Fv2%2Fmedia&parent=103"}],"curies":[{"name":"wp","href":"https:\/\/api.w.org\/{rel}","templated":true}]}}