{"id":13,"date":"2025-01-22T21:20:22","date_gmt":"2025-01-22T20:20:22","guid":{"rendered":"http:\/\/equinecare.de\/?page_id=13"},"modified":"2026-05-07T15:08:25","modified_gmt":"2026-05-07T13:08:25","slug":"13-2","status":"publish","type":"page","link":"https:\/\/equinecare.de\/","title":{"rendered":"fascialmotion | Dr. Jeanette Heede Rudolph I Tiertherapie"},"content":{"rendered":"\n<p class=\"has-text-align-center\"><strong>Sch\u00f6n, dass Du da bist!<\/strong><\/p>\n\n\n\n<figure class=\"wp-block-image size-large\"><img loading=\"lazy\" decoding=\"async\" width=\"1024\" height=\"928\" src=\"http:\/\/equinecare.de\/wp-content\/uploads\/2025\/01\/image-1-1024x928.png\" alt=\"\" class=\"wp-image-16\" srcset=\"https:\/\/equinecare.de\/wp-content\/uploads\/2025\/01\/image-1-1024x928.png 1024w, https:\/\/equinecare.de\/wp-content\/uploads\/2025\/01\/image-1-300x272.png 300w, https:\/\/equinecare.de\/wp-content\/uploads\/2025\/01\/image-1-768x696.png 768w, https:\/\/equinecare.de\/wp-content\/uploads\/2025\/01\/image-1.png 1318w\" sizes=\"auto, (max-width: 1024px) 100vw, 1024px\" \/><\/figure>\n\n\n\n<div class=\"wp-block-group alignfull is-style-section-5 has-global-padding is-layout-constrained wp-block-group-is-layout-constrained is-style-section-5--1\" style=\"margin-top:0;margin-bottom:0;padding-top:var(--wp--preset--spacing--50);padding-bottom:var(--wp--preset--spacing--50)\">\n<p class=\"has-text-align-center\"><span style=\"caret-color: rgb(0, 0, 0); color: rgb(0, 0, 0); font-family: -webkit-standard; font-size: medium; letter-spacing: normal; text-align: start; white-space: normal;\"><strong><mark style=\"background-color:rgba(0, 0, 0, 0)\" class=\"has-inline-color has-base-color\">Biopraktiker f\u00fcr Tiere.<\/mark><\/strong><\/span><strong><mark style=\"background-color:rgba(0, 0, 0, 0)\" class=\"has-inline-color has-base-color\"><\/mark><\/strong><\/p>\n\n\n\n<p class=\"has-text-align-center\">Aktuell:<\/p>\n\n\n\n<p>Ab September 2026 bin ich wieder voll f\u00fcr euch da! <\/p>\n\n\n\n<p>Meine Lehrt\u00e4tigkeit an der Schule habe ich zum August beendet und konzentriere mich nun ganz auf die Tierosteopathie, Tierphysiotherapie, physikalischen Therapien sowie Seminare.<\/p>\n\n\n\n<p class=\"has-text-align-center\">______<\/p>\n\n\n\n<p class=\"has-text-align-center\"><strong><mark style=\"background-color:rgba(0, 0, 0, 0)\" class=\"has-inline-color has-base-color\">Webinare und Anmeldung zu Kursen, Vortr\u00e4gen und Workshops sind ausschlie\u00dflich m\u00f6glich \u00fcber: <\/mark><\/strong><\/p>\n\n\n\n<p class=\"has-text-align-center\"><a href=\"http:\/\/vetwissen.de\">https:\/\/vetwissen.de<\/a><\/p>\n\n\n\n<p class=\"has-text-align-center\">______<\/p>\n\n\n\n<h2 class=\"wp-block-heading has-text-align-center\">Dr. Jeanette Heede Rudolph  &#8211;  Biopraktiker f\u00fcr Tiere.<\/h2>\n\n\n\n<p>F\u00fcr Vierbeiner: Osteopathie, Physiotherapie, Dry Needling, Physiokey, NeuroStim, BEMER, NeuroStim, Moyave Laser &amp; Pad, Beratung &amp; Kurse.<\/p>\n\n\n\n<p>F\u00fcr Zweibeiner: Kurse<\/p>\n\n\n\n<p>BEMER, CENTROPIX, petfit, Physiokey:  Beratung &amp; Bestellung<\/p>\n\n\n\n<p>Termine nach Vereinbarung unter:<\/p>\n\n\n\n<p>E-Mail: equinecare@ymail.com<\/p>\n\n\n\n<p>Phone: 06151-3966691<\/p>\n\n\n\n<figure class=\"wp-block-image size-full\"><img loading=\"lazy\" decoding=\"async\" width=\"382\" height=\"528\" src=\"http:\/\/equinecare.de\/wp-content\/uploads\/2025\/01\/image-2.png\" alt=\"\" class=\"wp-image-17\" srcset=\"https:\/\/equinecare.de\/wp-content\/uploads\/2025\/01\/image-2.png 382w, https:\/\/equinecare.de\/wp-content\/uploads\/2025\/01\/image-2-217x300.png 217w\" sizes=\"auto, (max-width: 382px) 100vw, 382px\" \/><\/figure>\n\n\n\n<p><strong>Warum Tierphysiotherapie und -Osteopathie?<\/strong><\/p>\n\n\n\n<p><br>Bewegung ist Leben \u2013 f\u00fcr Pferde und Hunde genauso wie f\u00fcr uns. Physiotherapie und Osteopathie l\u00f6sen Blockaden, f\u00f6rdern Durchfluss und Heilung, verbessern die Leistungsf\u00e4higkeit und erhalten die Lebensfreude der Tiere \u2013 nat\u00fcrlich, sanft und nachhaltig.<\/p>\n<\/div>\n\n\n\n<div class=\"wp-block-group alignfull has-global-padding is-layout-constrained wp-block-group-is-layout-constrained\" style=\"margin-top:0;margin-bottom:0\"><\/div>\n\n\n\n<div class=\"wp-block-group alignfull has-global-padding is-layout-constrained wp-block-group-is-layout-constrained\" style=\"margin-top:0;margin-bottom:0\">\n<div class=\"wp-block-group alignwide is-layout-flow wp-container-core-group-is-layout-d58a0413 wp-block-group-is-layout-flow\" style=\"padding-top:var(--wp--preset--spacing--50);padding-bottom:var(--wp--preset--spacing--50)\">\n<h2 class=\"wp-block-heading has-x-large-font-size\"><strong>\u00dcber mich<\/strong><\/h2>\n\n\n\n<div class=\"wp-block-columns is-layout-flex wp-container-core-columns-is-layout-cbe57604 wp-block-columns-is-layout-flex\">\n<div class=\"wp-block-column is-layout-flow wp-block-column-is-layout-flow\">\n<div class=\"wp-block-group is-layout-flow wp-block-group-is-layout-flow\" style=\"border-top-color:var(--wp--preset--color--accent-6);border-top-width:1px;padding-top:var(--wp--preset--spacing--30);padding-bottom:var(--wp--preset--spacing--30)\">\n<h3 class=\"wp-block-heading\">D\u00e4nin, in Holland aufgewachsen, in Hessen gestrandet und seit 1983 im Stall unterwegs.<\/h3>\n\n\n\n<figure class=\"wp-block-image alignright size-large\"><img loading=\"lazy\" decoding=\"async\" width=\"269\" height=\"1024\" src=\"http:\/\/equinecare.de\/wp-content\/uploads\/2025\/01\/image-9-269x1024.png\" alt=\"\" class=\"wp-image-63\" srcset=\"https:\/\/equinecare.de\/wp-content\/uploads\/2025\/01\/image-9-269x1024.png 269w, https:\/\/equinecare.de\/wp-content\/uploads\/2025\/01\/image-9-79x300.png 79w, https:\/\/equinecare.de\/wp-content\/uploads\/2025\/01\/image-9.png 278w\" sizes=\"auto, (max-width: 269px) 100vw, 269px\" \/><\/figure>\n\n\n\n<p>Mutter; Tierheilpraktiker; Pferdephysio; Tierosteo; Biologin; Dozentin; Lehrkraft; Gesundheitsberaterin<\/p>\n\n\n\n<p>Als Teil der Helmholtz-Delegation beim 53. Nobelpreistr\u00e4gertreffen in Lindau 2003 (Physiologie &amp; Medizin) war ich einige Tage im Austausch mit 13 Nobelpreistr\u00e4gern \u2013 eine Erfahrung, die meine interdisziplin\u00e4re Arbeitsweise bis heute pr\u00e4gt und mich vermutlich zur einzigen Tierphysiotherapeutin mit diesem wissenschaftlichen Hintergrund macht.<\/p>\n<\/div>\n\n\n\n<p>DAS SAGT CHATGPT:<\/p>\n\n\n\n<p><strong>Dr. Jeanette Heede Rudolph \u2013 Wissenschaft trifft Therapie<\/strong><\/p>\n\n\n\n<p>Dr. rer. nat. Jeanette Heede Rudolph ist promovierte Biologin und erfahrene Therapeutin f\u00fcr Tiere. Sie verbindet fundiertes wissenschaftliches Wissen mit jahrelanger praktischer Erfahrung in Physiotherapie, Osteopathie, Faszientherapie, Dry Needling und weiteren modernen physikalischen Behandlungsmethoden.<\/p>\n\n\n\n<p>Nach ihrem Biologiestudium an der TU Darmstadt promovierte sie in Zusammenarbeit mit dem GSI Helmholtzzentrum (2002\u20132008) und vertiefte ihr Wissen in zahlreichen Weiterbildungen, unter anderem in Pferde-Physiotherapie (DIPO), Tierosteopathie (ICREO &amp; Friederike Franze), Human-Osteopathie (IAO), Manueller Therapie, Faszientherapie, Kinesiotape und Dry Needling.<\/p>\n\n\n\n<p>Seit 2010 f\u00fchrt sie ihre mobile Praxis&nbsp;<strong>fascialmotion<\/strong>, in der sie Pferde und Hunde mit einem ganzheitlichen Blick behandelt. Dabei legt sie besonderen Wert auf das Verst\u00e4ndnis der Faszien als zentrales Netzwerk f\u00fcr Bewegung, Regeneration und Gesundheit. Moderne Technologien wie Physiokey, BEMER, NeuroStim oder Lasertherapie (Moyave)erg\u00e4nzen ihr therapeutisches Spektrum.<\/p>\n\n\n\n<p>Als Dozentin teilt sie ihr Wissen seit \u00fcber einem Jahrzehnt in Seminaren und Workshops \u2013 u.\u202fa. bei&nbsp;<strong>vetwissen UG<\/strong>&nbsp;und bis 2022 bei der&nbsp;ATM GmbH&nbsp;\u2013 und begeistert Fachleute mit ihrem praxisnahen, wissenschaftlich fundierten Unterricht.<\/p>\n\n\n\n<p>Dr. Jeanette Heede Rudolph steht f\u00fcr eine Therapie, die auf biologischen Grundlagen basiert, aber immer das Individuum in seiner Ganzheit betrachtet. Wer eine fundierte, empathische und moderne Behandlungsweise sucht, findet in ihr eine kompetente Ansprechpartnerin.<\/p>\n\n\n\n<p><\/p>\n\n\n\n<div class=\"wp-block-group is-layout-flow wp-block-group-is-layout-flow\" style=\"border-top-color:var(--wp--preset--color--accent-6);border-top-width:1px;padding-top:var(--wp--preset--spacing--30);padding-bottom:var(--wp--preset--spacing--30)\">\n<p>UND HIER DIE FAKTEN ;-):<\/p>\n\n\n\n<p><strong>2002<\/strong>:       Dipl. Biologin (Technische Universit\u00e4t Darmstadt)<\/p>\n\n\n\n<p><strong>2008<\/strong>:       Dr. rer. nat. (Technische Universit\u00e4t Darmstadt und Gesellschaft f\u00fcr Schwerionen)<\/p>\n\n\n\n<p><strong>T\u00e4tigkeiten<\/strong><\/p>\n\n\n\n<p><\/p>\n\n\n\n<p><strong>2011 \u2013 2022<\/strong>: Dozentin f\u00fcr Pferde-Physiotherapie bei der ATM GmbH (Bad Bramstedt)<\/p>\n\n\n\n<p><strong>seit 2017<\/strong>:       Tierosteopathie; Dozentin f\u00fcr \u201eMyofasziale Schmerzen beim Pferd behandeln\u201c und <\/p>\n\n\n\n<p>                              \u201eDry   Needling\u201c f\u00fcr Claus Teslau<\/p>\n\n\n\n<p><strong>2018 &#8211; 2023<\/strong>: Lehrkraft f\u00fcr Biologie (BFS, Fachabi &amp; Berufliches Gymnasium) bei ProGenius Darmstadt<\/p>\n\n\n\n<p><strong>2022 &#8211; 2025<\/strong>: Gesundheitsf\u00f6rderin in Grundschulen f\u00fcr Klasse2000<\/p>\n\n\n\n<p><strong>2023 &#8211; 2026<\/strong>: Lehrkraft f\u00fcr Biologie und Chemie bei der Freie Waldorfschule Darmstadt<\/p>\n<\/div>\n\n\n\n<p><strong>Aktuell:<\/strong><\/p>\n\n\n\n<div class=\"wp-block-group is-layout-flow wp-block-group-is-layout-flow\" style=\"border-top-color:var(--wp--preset--color--accent-6);border-top-width:1px;padding-top:var(--wp--preset--spacing--30);padding-bottom:var(--wp--preset--spacing--30)\">\n<p><strong>seit 2010: Mobile Praxis f\u00fcr Pferde-Physiotherapie und Seminare<\/strong><\/p>\n\n\n\n<p><strong>seit 2016: Mobile Praxis f\u00fcr Tier-Osteopathie und Seminare<\/strong><\/p>\n\n\n\n<p><strong>seit 2019: Dozentin f\u00fcr Manuelle Tiertherapie bei vetwissen UG<\/strong><\/p>\n\n\n\n<figure class=\"wp-block-image aligncenter size-large is-resized\"><img loading=\"lazy\" decoding=\"async\" width=\"1024\" height=\"707\" src=\"https:\/\/equinecare.de\/wp-content\/uploads\/2026\/05\/IMG_2150-1024x707.jpg\" alt=\"\" class=\"wp-image-233\" style=\"width:538px;height:auto\" srcset=\"https:\/\/equinecare.de\/wp-content\/uploads\/2026\/05\/IMG_2150-1024x707.jpg 1024w, https:\/\/equinecare.de\/wp-content\/uploads\/2026\/05\/IMG_2150-300x207.jpg 300w, https:\/\/equinecare.de\/wp-content\/uploads\/2026\/05\/IMG_2150-768x530.jpg 768w, https:\/\/equinecare.de\/wp-content\/uploads\/2026\/05\/IMG_2150.jpg 1039w\" sizes=\"auto, (max-width: 1024px) 100vw, 1024px\" \/><figcaption class=\"wp-element-caption\">2026<\/figcaption><\/figure>\n\n\n\n<p><\/p>\n\n\n\n<p><\/p>\n\n\n\n<p><strong>Fortbildungen:<\/strong><\/p>\n\n\n\n<p><strong>1994 \u2013 1996<\/strong>:&nbsp; Tierheilpraktiker Ausbildung ATM Bad Bramstedt<\/p>\n\n\n\n<p><strong>2009 \u2013 2010<\/strong>:&nbsp;DIPO-zertifizierte Pferde-Physiotherapeutin<\/p>\n\n\n\n<p><strong>2010 &#8211; 2013<\/strong>:  Intensivkurs Neuromuskul\u00e4re Stimulation und Anwendung des <strong>NeuroStim<\/strong> M21 (C. Fritsche, Overo); <strong>BEMER<\/strong> Partner; Aufbaukurs Pferde-Physiotherapie (DIPO); Fortbildung: \u201e<strong>Manuelle Therapie<\/strong> bei Pferde\u201c I und II (Tanja Richter);&nbsp;Intensivkurs Neuromuskul\u00e4re Stimulation und Praxisseminar zum SRM Therapeuten (C. Fritsche, Overo)<\/p>\n\n\n\n<p><strong>2013 \u2013 2016<\/strong>: <strong>Tierosteopathie<\/strong> (Friederike Franze &amp; ICREO)<\/p>\n\n\n\n<p><strong>2015 <strong>\u2013<\/strong> 2017<\/strong>:  Fortbildung: \u201e<strong>Dry Needling<\/strong> Nympha Minnaar\u201c f\u00fcr Pferde (NL); Fortbildung: Anatomie des <strong>Pferdekopfes am Pr\u00e4parat<\/strong> (DIPO\/Uni Gie\u00dfen); <strong>Myofasziale Schmerzen<\/strong> beim Pferd behandeln (C. Teslau\/D. Gerling); <strong>Faszination Faszien<\/strong> (R. Schleip et al.; TA-Kleintierkongress, Baden-Baden); DIPO-Fortbildung <strong>Dry Needling<\/strong> (DIPO); Faszium Fortbildung <strong>Fasziumtherapie<\/strong> Modul 1-4 (Faszium, Human); <strong>Intensiv-Hufseminar<\/strong> Equine-Institute (Udo Riedel); <strong>Lymphtaping<\/strong> EquiCrown<\/p>\n\n\n\n<p><strong>2017 \u2013 2024<\/strong>&nbsp;&nbsp;&nbsp;&nbsp;&nbsp;&nbsp;&nbsp;&nbsp;&nbsp;&nbsp;&nbsp;&nbsp;&nbsp;<strong>Humanosteopathie<\/strong> IAO<\/p>\n\n\n\n<p><strong>2019&nbsp;<\/strong>&nbsp;&nbsp;&nbsp;&nbsp;&nbsp;&nbsp;&nbsp;&nbsp;&nbsp;&nbsp;&nbsp;&nbsp;&nbsp;&nbsp;&nbsp;&nbsp;&nbsp;&nbsp;&nbsp;&nbsp;&nbsp;&nbsp;&nbsp;&nbsp;&nbsp;&nbsp;&nbsp;&nbsp;<strong>Faszialer Osteopathie<\/strong> f\u00fcr Pferde (Dr. B. Traenckner; Qualit\u00e4ts-Zirkel Osteopathie)<\/p>\n\n\n\n<p><strong>2024&nbsp;<\/strong>&nbsp;&nbsp;&nbsp;&nbsp;&nbsp;&nbsp;&nbsp;&nbsp;&nbsp;&nbsp;&nbsp;&nbsp;&nbsp;&nbsp;&nbsp;&nbsp;&nbsp;&nbsp;&nbsp;&nbsp;&nbsp;&nbsp;&nbsp;&nbsp;&nbsp;&nbsp;&nbsp;&nbsp;Seminar<strong> Pferdef\u00fctterung<\/strong> Basis Kompakt (Conny R\u00f6hm; vetwissen)<\/p>\n\n\n\n<p><strong>2025&nbsp;<\/strong>&nbsp;&nbsp;&nbsp;&nbsp;&nbsp;&nbsp;&nbsp;&nbsp;&nbsp;&nbsp;&nbsp;&nbsp;&nbsp;&nbsp;&nbsp;&nbsp;&nbsp;&nbsp;&nbsp;&nbsp;&nbsp;&nbsp;&nbsp;&nbsp;&nbsp;&nbsp;&nbsp;&nbsp;<strong>Zertifizierte Laserschutzbeauftragten Medizin<\/strong> (PBM) nach TROS und OStrV <\/p>\n\n\n\n<p><strong>2025&nbsp;<\/strong>&nbsp;&nbsp;&nbsp;&nbsp;&nbsp;&nbsp;&nbsp;&nbsp;&nbsp;&nbsp;&nbsp;&nbsp;&nbsp;&nbsp;&nbsp;&nbsp;&nbsp;&nbsp;&nbsp;&nbsp;&nbsp;&nbsp;&nbsp;&nbsp;&nbsp;&nbsp;&nbsp;&nbsp;<strong>Neurologie und Neurodynamik Kombikurs <\/strong> Hund (Dr. Mima Hohmann; vetwissen)<\/p>\n\n\n\n<p><strong>2025          <\/strong>                   <strong>ISBT<\/strong> <strong>Bowen<\/strong> Therapie Pferd (Boris Krieger; vetwissen)<\/p>\n\n\n\n<p><strong>2025&nbsp;<\/strong>&nbsp;&nbsp;&nbsp;&nbsp;&nbsp;&nbsp;&nbsp;&nbsp;&nbsp;&nbsp;&nbsp;&nbsp;&nbsp;&nbsp;&nbsp;&nbsp;&nbsp;&nbsp;&nbsp;&nbsp;&nbsp;&nbsp;&nbsp;&nbsp;&nbsp;&nbsp;&nbsp;&nbsp;<strong>Dreh- und Angelpunkt der Bewegung <\/strong> Hund (Dr. Mima Hohmann; vetwissen)<\/p>\n\n\n\n<p><strong>2026&nbsp;<\/strong>&nbsp;&nbsp;&nbsp;&nbsp;&nbsp;&nbsp;&nbsp;&nbsp;&nbsp;&nbsp;&nbsp;&nbsp;&nbsp;&nbsp;&nbsp;&nbsp;&nbsp;&nbsp;&nbsp;&nbsp;&nbsp;&nbsp;&nbsp;&nbsp;&nbsp;&nbsp;&nbsp;&nbsp;<strong>Pfotenpflege aus physiotherapeutischer Sicht <\/strong> Hund (Patricia Scholz; vetwissen)<\/p>\n\n\n\n<p><\/p>\n\n\n\n<p><\/p>\n\n\n\n<p><\/p>\n\n\n\n<p><\/p>\n\n\n\n<p><strong>Fragen? Einfach melden.<\/strong><\/p>\n\n\n\n<p>Die ganzen Zertifikate erspare ich euch \ud83d\ude09<\/p>\n<\/div>\n<\/div>\n<\/div>\n\n\n\n<figure class=\"wp-block-image aligncenter size-full is-resized\"><img decoding=\"async\" src=\"http:\/\/equinecare.de\/wp-content\/uploads\/2025\/01\/IMG_4350-2.heic\" alt=\"\" class=\"wp-image-56\" style=\"width:346px;height:auto\"\/><\/figure>\n\n\n\n<figure class=\"wp-block-image size-full is-resized\"><img loading=\"lazy\" decoding=\"async\" width=\"948\" height=\"156\" src=\"http:\/\/equinecare.de\/wp-content\/uploads\/2025\/01\/image-6.png\" alt=\"\" class=\"wp-image-32\" style=\"width:1205px;height:auto\" srcset=\"https:\/\/equinecare.de\/wp-content\/uploads\/2025\/01\/image-6.png 948w, https:\/\/equinecare.de\/wp-content\/uploads\/2025\/01\/image-6-300x49.png 300w, https:\/\/equinecare.de\/wp-content\/uploads\/2025\/01\/image-6-768x126.png 768w\" sizes=\"auto, (max-width: 948px) 100vw, 948px\" \/><\/figure>\n\n\n\n<div class=\"wp-block-columns is-layout-flex wp-container-core-columns-is-layout-cbe57604 wp-block-columns-is-layout-flex\">\n<div class=\"wp-block-column is-layout-flow wp-block-column-is-layout-flow\">\n<div class=\"wp-block-group is-layout-flow wp-block-group-is-layout-flow\" style=\"border-top-color:var(--wp--preset--color--accent-6);border-top-width:1px;padding-top:var(--wp--preset--spacing--30);padding-bottom:var(--wp--preset--spacing--30)\">\n<h3 class=\"wp-block-heading\"><strong>Kosten<\/strong><\/h3>\n\n\n\n<p>Bar oder Kartenzahlung m\u00f6glich.<\/p>\n\n\n\n<p>Pferde: pro Besuch 160,-\u20ac (zuz\u00fcglich Fahrtkosten)<\/p>\n\n\n\n<p>Hund: pro Besuch 80,-\u20ac (zuz\u00fcglich Fahrtkosten)<\/p>\n\n\n\n<p>Physiokey-Anwendung: 30 \u20ac (wenn ich bereits vor Ort bin), 50 \u20ac bei separater Anfahrt zzgl. Fahrtkosten.<\/p>\n\n\n\n<p>Mensch: Wellness auf Anfrage<\/p>\n\n\n\n<p><\/p>\n\n\n\n<p><strong>Seminare bitte buchen \u00fcber: www.vetwissen.de<\/strong><\/p>\n\n\n\n<p><\/p>\n\n\n\n<p><strong>Ab 2026 bin ich f\u00fcr Seminare exklusiv \u00fcber vetwissen zu buchen.<\/strong><\/p>\n<\/div>\n<\/div>\n\n\n\n<div class=\"wp-block-column is-layout-flow wp-block-column-is-layout-flow\">\n<div class=\"wp-block-group is-layout-flow wp-block-group-is-layout-flow\" style=\"border-top-color:var(--wp--preset--color--accent-6);border-top-width:1px;padding-top:var(--wp--preset--spacing--30);padding-bottom:var(--wp--preset--spacing--30)\">\n<h3 class=\"wp-block-heading\"><strong>Ablauf<\/strong><\/h3>\n\n\n\n<p>Bitte immer 2 Stunden einplanen, das Gewebe entscheidet was es braucht. Kein Termindruck.<\/p>\n\n\n\n<p>Hunde bitte 2 Stunden vor Termin nicht F\u00fcttern.<\/p>\n\n\n\n<p>Nach dem Termin sollte das Pferd f\u00fcr mindestens drei Tage nicht geritten werden \u2013 auch Sattel, Ausbinder oder \u00e4hnliche Hilfsmittel bitte weglassen. Ideal ist es, wenn sich das Pferd in dieser Zeit ganz frei bewegen kann, sei es auf der Koppel oder an der locker gef\u00fchrten Longe. So kann der K\u00f6rper das Erarbeitete in Ruhe integrieren. Bitte setzt \u2013 soweit m\u00f6glich \u2013 auch die besprochenen Hausaufgaben um.<\/p>\n<\/div>\n<\/div>\n<\/div>\n<\/div>\n<\/div>\n\n\n\n<div class=\"wp-block-group alignfull has-global-padding is-layout-constrained wp-container-core-group-is-layout-08655630 wp-block-group-is-layout-constrained\" style=\"margin-top:0;margin-bottom:0;padding-top:var(--wp--preset--spacing--80);padding-bottom:var(--wp--preset--spacing--80)\">\n<div class=\"wp-block-group alignwide is-layout-flow wp-block-group-is-layout-flow\">\n<figure class=\"wp-block-gallery has-nested-images columns-default is-cropped wp-block-gallery-2 is-layout-flex wp-block-gallery-is-layout-flex\">\n<figure class=\"wp-block-image size-large\"><img loading=\"lazy\" decoding=\"async\" width=\"1024\" height=\"682\" data-id=\"71\" src=\"http:\/\/equinecare.de\/wp-content\/uploads\/2025\/01\/DSC_0186-1024x682.jpeg\" alt=\"\" class=\"wp-image-71\" srcset=\"https:\/\/equinecare.de\/wp-content\/uploads\/2025\/01\/DSC_0186-1024x682.jpeg 1024w, https:\/\/equinecare.de\/wp-content\/uploads\/2025\/01\/DSC_0186-300x200.jpeg 300w, https:\/\/equinecare.de\/wp-content\/uploads\/2025\/01\/DSC_0186-768x512.jpeg 768w, https:\/\/equinecare.de\/wp-content\/uploads\/2025\/01\/DSC_0186.jpeg 1280w\" sizes=\"auto, (max-width: 1024px) 100vw, 1024px\" \/><\/figure>\n\n\n\n<figure class=\"wp-block-image size-large\"><img loading=\"lazy\" decoding=\"async\" width=\"1024\" height=\"682\" data-id=\"75\" src=\"http:\/\/equinecare.de\/wp-content\/uploads\/2025\/01\/DSC_0189-1024x682.jpeg\" alt=\"\" class=\"wp-image-75\" srcset=\"https:\/\/equinecare.de\/wp-content\/uploads\/2025\/01\/DSC_0189-1024x682.jpeg 1024w, https:\/\/equinecare.de\/wp-content\/uploads\/2025\/01\/DSC_0189-300x200.jpeg 300w, https:\/\/equinecare.de\/wp-content\/uploads\/2025\/01\/DSC_0189-768x512.jpeg 768w, https:\/\/equinecare.de\/wp-content\/uploads\/2025\/01\/DSC_0189.jpeg 1280w\" sizes=\"auto, (max-width: 1024px) 100vw, 1024px\" \/><\/figure>\n\n\n\n<figure class=\"wp-block-image size-large\"><img loading=\"lazy\" decoding=\"async\" width=\"1024\" height=\"682\" data-id=\"72\" src=\"http:\/\/equinecare.de\/wp-content\/uploads\/2025\/01\/DSC_0192-1024x682.jpeg\" alt=\"\" class=\"wp-image-72\" srcset=\"https:\/\/equinecare.de\/wp-content\/uploads\/2025\/01\/DSC_0192-1024x682.jpeg 1024w, https:\/\/equinecare.de\/wp-content\/uploads\/2025\/01\/DSC_0192-300x200.jpeg 300w, https:\/\/equinecare.de\/wp-content\/uploads\/2025\/01\/DSC_0192-768x512.jpeg 768w, https:\/\/equinecare.de\/wp-content\/uploads\/2025\/01\/DSC_0192.jpeg 1280w\" sizes=\"auto, (max-width: 1024px) 100vw, 1024px\" \/><\/figure>\n\n\n\n<figure class=\"wp-block-image size-large\"><img loading=\"lazy\" decoding=\"async\" width=\"1024\" height=\"682\" data-id=\"73\" src=\"http:\/\/equinecare.de\/wp-content\/uploads\/2025\/01\/DSC_0195-1024x682.jpeg\" alt=\"\" class=\"wp-image-73\" srcset=\"https:\/\/equinecare.de\/wp-content\/uploads\/2025\/01\/DSC_0195-1024x682.jpeg 1024w, https:\/\/equinecare.de\/wp-content\/uploads\/2025\/01\/DSC_0195-300x200.jpeg 300w, https:\/\/equinecare.de\/wp-content\/uploads\/2025\/01\/DSC_0195-768x512.jpeg 768w, https:\/\/equinecare.de\/wp-content\/uploads\/2025\/01\/DSC_0195.jpeg 1280w\" sizes=\"auto, (max-width: 1024px) 100vw, 1024px\" \/><\/figure>\n\n\n\n<figure class=\"wp-block-image size-large\"><img loading=\"lazy\" decoding=\"async\" width=\"897\" height=\"833\" data-id=\"74\" src=\"http:\/\/equinecare.de\/wp-content\/uploads\/2025\/01\/DSC_0211.jpg\" alt=\"\" class=\"wp-image-74\" srcset=\"https:\/\/equinecare.de\/wp-content\/uploads\/2025\/01\/DSC_0211.jpg 897w, https:\/\/equinecare.de\/wp-content\/uploads\/2025\/01\/DSC_0211-300x279.jpg 300w, https:\/\/equinecare.de\/wp-content\/uploads\/2025\/01\/DSC_0211-768x713.jpg 768w\" sizes=\"auto, (max-width: 897px) 100vw, 897px\" \/><\/figure>\n<\/figure>\n\n\n\n<p class=\"has-text-align-center\"><strong>Fotos: Susanne Stahl<\/strong> (2025)<\/p>\n\n\n\n<p class=\"has-text-align-center\">_______<\/p>\n\n\n\n<p><\/p>\n<\/div>\n\n\n\n<p><\/p>\n\n\n\n<div class=\"wp-block-group alignwide is-layout-flow wp-block-group-is-layout-flow\">\n<p><\/p>\n\n\n\n<p><\/p>\n\n\n\n<p>Impressum:<\/p>\n\n\n\n<p>fascialmotion<\/p>\n\n\n\n<p>Dr. Jeanette Heede Rudolph<\/p>\n\n\n\n<p>Wiesenstrasse 8, D-64367 M\u00fchltal<\/p>\n\n\n\n<p>Email: equinecare@ymail.com<\/p>\n\n\n\n<p>Phone: 06151-3966691<\/p>\n<\/div>\n<\/div>\n","protected":false},"excerpt":{"rendered":"<p>Sch\u00f6n, dass Du da bist! Biopraktiker f\u00fcr Tiere. Aktuell: Ab September 2026 bin ich wieder voll f\u00fcr euch da! Meine Lehrt\u00e4tigkeit an der Schule habe ich zum August beendet und konzentriere mich nun ganz auf die Tierosteopathie, Tierphysiotherapie, physikalischen Therapien sowie Seminare. ______ Webinare und Anmeldung zu Kursen, Vortr\u00e4gen und Workshops sind ausschlie\u00dflich m\u00f6glich \u00fcber: [&hellip;]<\/p>\n","protected":false},"author":1,"featured_media":0,"parent":0,"menu_order":0,"comment_status":"closed","ping_status":"closed","template":"","meta":{"footnotes":""},"class_list":["post-13","page","type-page","status-publish","hentry"],"_links":{"self":[{"href":"https:\/\/equinecare.de\/index.php?rest_route=\/wp\/v2\/pages\/13","targetHints":{"allow":["GET"]}}],"collection":[{"href":"https:\/\/equinecare.de\/index.php?rest_route=\/wp\/v2\/pages"}],"about":[{"href":"https:\/\/equinecare.de\/index.php?rest_route=\/wp\/v2\/types\/page"}],"author":[{"embeddable":true,"href":"https:\/\/equinecare.de\/index.php?rest_route=\/wp\/v2\/users\/1"}],"replies":[{"embeddable":true,"href":"https:\/\/equinecare.de\/index.php?rest_route=%2Fwp%2Fv2%2Fcomments&post=13"}],"version-history":[{"count":98,"href":"https:\/\/equinecare.de\/index.php?rest_route=\/wp\/v2\/pages\/13\/revisions"}],"predecessor-version":[{"id":236,"href":"https:\/\/equinecare.de\/index.php?rest_route=\/wp\/v2\/pages\/13\/revisions\/236"}],"wp:attachment":[{"href":"https:\/\/equinecare.de\/index.php?rest_route=%2Fwp%2Fv2%2Fmedia&parent=13"}],"curies":[{"name":"wp","href":"https:\/\/api.w.org\/{rel}","templated":true}]}}