{"id":135,"date":"2025-02-25T10:54:23","date_gmt":"2025-02-25T09:54:23","guid":{"rendered":"https:\/\/equinecare.de\/?page_id=135"},"modified":"2025-02-25T11:00:04","modified_gmt":"2025-02-25T10:00:04","slug":"bemer-zelloptimierung","status":"publish","type":"page","link":"https:\/\/equinecare.de\/?page_id=135","title":{"rendered":"BEMER Zelloptimierung"},"content":{"rendered":"\n<figure class=\"wp-block-image alignright size-large\"><img loading=\"lazy\" decoding=\"async\" width=\"220\" height=\"1024\" src=\"https:\/\/equinecare.de\/wp-content\/uploads\/2025\/02\/image-7-220x1024.png\" alt=\"\" class=\"wp-image-140\"\/><\/figure>\n\n\n\n<p><\/p>\n\n\n\n<p>Die Physikalische Gef\u00e4\u00dftherapie BEMER nutzt ein spezielles elektromagnetisches Signal, um die eingeschr\u00e4nkte Vasomotion (die Eigenbewegung der Gef\u00e4\u00dfe) zu stimulieren und so die Mikrozirkulation im gesamten K\u00f6rper zu verbessern. Die BEMER-Sets enthalten alles, was du f\u00fcr die Anwendung brauchst, und werden weltweit erfolgreich eingesetzt.<\/p>\n\n\n\n<p>M\u00f6chtest du mehr dar\u00fcber erfahren, warum eine optimale Mikrozirkulation f\u00fcr die Zelloptimierung so wichtig ist und wie du sie mit BEMER gezielt unterst\u00fctzen kannst? Dann schau gerne auf meiner BEMER-Partnerseite vorbei!<\/p>\n\n\n\n<p>Als Partner bitte angeben: <\/p>\n\n\n\n<p><strong>Dr. Jeanette H. Rudolph<\/strong><br><br><a href=\"https:\/\/equinecare.bemergroup.com\/\" target=\"_blank\" rel=\"noreferrer noopener\">equinecare.bemergroup.com<\/a><br><\/p>\n\n\n\n<p><\/p>\n\n\n\n<p><\/p>\n\n\n\n<p><\/p>\n","protected":false},"excerpt":{"rendered":"<p>Die Physikalische Gef\u00e4\u00dftherapie BEMER nutzt ein spezielles elektromagnetisches Signal, um die eingeschr\u00e4nkte Vasomotion (die Eigenbewegung der Gef\u00e4\u00dfe) zu stimulieren und so die Mikrozirkulation im gesamten K\u00f6rper zu verbessern. Die BEMER-Sets enthalten alles, was du f\u00fcr die Anwendung brauchst, und werden weltweit erfolgreich eingesetzt. M\u00f6chtest du mehr dar\u00fcber erfahren, warum eine optimale Mikrozirkulation f\u00fcr die Zelloptimierung [&hellip;]<\/p>\n","protected":false},"author":1,"featured_media":0,"parent":0,"menu_order":0,"comment_status":"closed","ping_status":"closed","template":"","meta":{"footnotes":""},"class_list":["post-135","page","type-page","status-publish","hentry"],"_links":{"self":[{"href":"https:\/\/equinecare.de\/index.php?rest_route=\/wp\/v2\/pages\/135","targetHints":{"allow":["GET"]}}],"collection":[{"href":"https:\/\/equinecare.de\/index.php?rest_route=\/wp\/v2\/pages"}],"about":[{"href":"https:\/\/equinecare.de\/index.php?rest_route=\/wp\/v2\/types\/page"}],"author":[{"embeddable":true,"href":"https:\/\/equinecare.de\/index.php?rest_route=\/wp\/v2\/users\/1"}],"replies":[{"embeddable":true,"href":"https:\/\/equinecare.de\/index.php?rest_route=%2Fwp%2Fv2%2Fcomments&post=135"}],"version-history":[{"count":3,"href":"https:\/\/equinecare.de\/index.php?rest_route=\/wp\/v2\/pages\/135\/revisions"}],"predecessor-version":[{"id":146,"href":"https:\/\/equinecare.de\/index.php?rest_route=\/wp\/v2\/pages\/135\/revisions\/146"}],"wp:attachment":[{"href":"https:\/\/equinecare.de\/index.php?rest_route=%2Fwp%2Fv2%2Fmedia&parent=135"}],"curies":[{"name":"wp","href":"https:\/\/api.w.org\/{rel}","templated":true}]}}