{"id":92,"date":"2025-02-14T18:40:04","date_gmt":"2025-02-14T17:40:04","guid":{"rendered":"https:\/\/equinecare.de\/?page_id=92"},"modified":"2025-02-15T12:34:00","modified_gmt":"2025-02-15T11:34:00","slug":"dry-needling-effektive-schmerztherapie-fuer-muskeln-faszien","status":"publish","type":"page","link":"https:\/\/equinecare.de\/?page_id=92","title":{"rendered":"Dry Needling \u2013 Effektive Schmerztherapie f\u00fcr Muskeln &amp; Faszien"},"content":{"rendered":"\n<figure class=\"wp-block-image alignright size-full is-resized\"><img loading=\"lazy\" decoding=\"async\" width=\"344\" height=\"424\" src=\"https:\/\/equinecare.de\/wp-content\/uploads\/2025\/02\/image.png\" alt=\"\" class=\"wp-image-95\" style=\"width:255px;height:auto\" srcset=\"https:\/\/equinecare.de\/wp-content\/uploads\/2025\/02\/image.png 344w, https:\/\/equinecare.de\/wp-content\/uploads\/2025\/02\/image-243x300.png 243w\" sizes=\"auto, (max-width: 344px) 100vw, 344px\" \/><\/figure>\n\n\n\n<p><\/p>\n\n\n\n<p><strong>Was ist Dry Needling?<\/strong><\/p>\n\n\n\n<p>Dry Needling ist eine gezielte Technik zur Behandlung von&nbsp;<strong>myofaszialen Triggerpunkten<\/strong>&nbsp;\u2013 schmerzhaften Muskelverh\u00e4rtungen, die Verspannungen und Bewegungseinschr\u00e4nkungen verursachen. Durch das Einstechen einer feinen Nadel in den betroffenen Muskel werden Verspannungen gel\u00f6st, die Durchblutung verbessert und Schmerzen reduziert.<\/p>\n\n\n\n<p><strong>Wie funktioniert Dry Needling?<\/strong><\/p>\n\n\n\n<figure class=\"wp-block-image alignright size-full is-resized\"><img loading=\"lazy\" decoding=\"async\" width=\"520\" height=\"410\" src=\"https:\/\/equinecare.de\/wp-content\/uploads\/2025\/02\/image-1.png\" alt=\"\" class=\"wp-image-96\" style=\"width:259px;height:auto\" srcset=\"https:\/\/equinecare.de\/wp-content\/uploads\/2025\/02\/image-1.png 520w, https:\/\/equinecare.de\/wp-content\/uploads\/2025\/02\/image-1-300x237.png 300w\" sizes=\"auto, (max-width: 520px) 100vw, 520px\" \/><\/figure>\n\n\n\n<ul class=\"wp-block-list\">\n<li><strong>Triggerpunkt-Therapie:<\/strong>&nbsp;Die Nadel stimuliert den Muskel direkt, wodurch teils eine&nbsp;<strong>lokale Muskelzuckung (Twitch Response)<\/strong>&nbsp;ausgel\u00f6st wird.<\/li>\n\n\n\n<li>Biochemische zellul\u00e4re Prozesse finden statt.<\/li>\n\n\n\n<li><strong>Schmerzlinderung &amp; Entspannung:<\/strong>&nbsp;Verspannte Muskelfasern entspannen sich, die Durchblutung steigt und Entz\u00fcndungen klingen ab.<\/li>\n\n\n\n<li><strong>Verbesserung der Beweglichkeit:<\/strong>\u00a0Faszienverklebungen l\u00f6sen sich, was zu mehr Bewegungsfreiheit f\u00fchrt.<\/li>\n<\/ul>\n\n\n\n<p class=\"has-text-align-center\">_______________<\/p>\n\n\n\n<p><\/p>\n\n\n\n<p><\/p>\n\n\n\n<p><strong>Dry Needling vs. Akupunktur \u2013 Was ist der Unterschied?<\/strong><\/p>\n\n\n\n<p>W\u00e4hrend Akupunktur auf den Meridianen der Traditionellen Chinesischen Medizin (TCM) basiert, konzentriert sich Dry Needling rein auf die&nbsp;<strong>westliche Schmerztherapie<\/strong>. Hier stehen Muskeln, Faszien und Nervenbahnen im Fokus.<\/p>\n\n\n\n<p class=\"has-text-align-center\">_______________<\/p>\n\n\n\n<p><\/p>\n\n\n\n<p><strong>M\u00f6gliche Anwendungsbereiche von Dry Needling<\/strong><\/p>\n\n\n\n<p>\u2714&nbsp;<strong>R\u00fcckenschmerzen &amp; Nackenverspannungen<\/strong><br>\u2714&nbsp;<strong>Chronische Muskelverspannungen<\/strong><br>\u2714&nbsp;<strong>Spannungskopfschmerzen &amp; Migr\u00e4ne<\/strong><br>\u2714&nbsp;<strong>Sportverletzungen &amp; Sehnenprobleme<\/strong><br>\u2714&nbsp;<strong>Faszienverklebungen &amp; Bewegungseinschr\u00e4nkungen<\/strong><\/p>\n\n\n\n<p><\/p>\n\n\n\n<p class=\"has-text-align-center\">________________<\/p>\n\n\n\n<p><\/p>\n\n\n\n<p><strong>Dry Needling f\u00fcr Pferde &amp; Tiere<\/strong><\/p>\n\n\n\n<p>Auch in der Tierphysiotherapie hat sich Dry Needling bew\u00e4hrt. Schliesslich sind wir auch Tiere und bestehen somit aus dem gleichen Gewebe.<\/p>\n\n\n\n<figure class=\"wp-block-image alignright size-full is-resized\"><img loading=\"lazy\" decoding=\"async\" width=\"446\" height=\"534\" src=\"https:\/\/equinecare.de\/wp-content\/uploads\/2025\/02\/image-2.png\" alt=\"\" class=\"wp-image-98\" style=\"width:223px;height:auto\" srcset=\"https:\/\/equinecare.de\/wp-content\/uploads\/2025\/02\/image-2.png 446w, https:\/\/equinecare.de\/wp-content\/uploads\/2025\/02\/image-2-251x300.png 251w\" sizes=\"auto, (max-width: 446px) 100vw, 446px\" \/><\/figure>\n\n\n\n<p><\/p>\n\n\n\n<p>M\u00f6chtest du erfahren, wie Dry Needling dir oder deinem Tier helfen kann? Kontaktiere mich f\u00fcr eine individuelle Beratung.<\/p>\n\n\n\n<p><strong>Ich biete Dry Needling ausschlie\u00dflich f\u00fcr Pferde an, da mir die Genehmigung f\u00fcr die Anwendung am Menschen fehlt!<\/strong><\/p>\n","protected":false},"excerpt":{"rendered":"<p>Was ist Dry Needling? Dry Needling ist eine gezielte Technik zur Behandlung von&nbsp;myofaszialen Triggerpunkten&nbsp;\u2013 schmerzhaften Muskelverh\u00e4rtungen, die Verspannungen und Bewegungseinschr\u00e4nkungen verursachen. Durch das Einstechen einer feinen Nadel in den betroffenen Muskel werden Verspannungen gel\u00f6st, die Durchblutung verbessert und Schmerzen reduziert. Wie funktioniert Dry Needling? _______________ Dry Needling vs. Akupunktur \u2013 Was ist der Unterschied? W\u00e4hrend [&hellip;]<\/p>\n","protected":false},"author":1,"featured_media":0,"parent":0,"menu_order":0,"comment_status":"closed","ping_status":"closed","template":"","meta":{"footnotes":""},"class_list":["post-92","page","type-page","status-publish","hentry"],"_links":{"self":[{"href":"https:\/\/equinecare.de\/index.php?rest_route=\/wp\/v2\/pages\/92","targetHints":{"allow":["GET"]}}],"collection":[{"href":"https:\/\/equinecare.de\/index.php?rest_route=\/wp\/v2\/pages"}],"about":[{"href":"https:\/\/equinecare.de\/index.php?rest_route=\/wp\/v2\/types\/page"}],"author":[{"embeddable":true,"href":"https:\/\/equinecare.de\/index.php?rest_route=\/wp\/v2\/users\/1"}],"replies":[{"embeddable":true,"href":"https:\/\/equinecare.de\/index.php?rest_route=%2Fwp%2Fv2%2Fcomments&post=92"}],"version-history":[{"count":14,"href":"https:\/\/equinecare.de\/index.php?rest_route=\/wp\/v2\/pages\/92\/revisions"}],"predecessor-version":[{"id":133,"href":"https:\/\/equinecare.de\/index.php?rest_route=\/wp\/v2\/pages\/92\/revisions\/133"}],"wp:attachment":[{"href":"https:\/\/equinecare.de\/index.php?rest_route=%2Fwp%2Fv2%2Fmedia&parent=92"}],"curies":[{"name":"wp","href":"https:\/\/api.w.org\/{rel}","templated":true}]}}